{"id":18,"date":"2025-12-23T09:47:20","date_gmt":"2025-12-23T09:47:20","guid":{"rendered":"https:\/\/peluqueriavirgo.rkinformatika.online\/?page_id=18"},"modified":"2025-12-23T11:27:55","modified_gmt":"2025-12-23T11:27:55","slug":"servicios","status":"publish","type":"page","link":"https:\/\/peluqueriavirgo.com\/en\/servicios\/","title":{"rendered":"Services"},"content":{"rendered":"<div data-elementor-type=\"wp-page\" data-elementor-id=\"18\" class=\"elementor elementor-18\" data-elementor-post-type=\"page\">\n\t\t\t\t<div class=\"elementor-element elementor-element-89377e2 e-con-full e-flex e-con e-parent\" data-id=\"89377e2\" data-element_type=\"container\" data-e-type=\"container\" data-settings=\"{&quot;background_background&quot;:&quot;classic&quot;}\">\n\t\t\t\t<\/div>\n\t\t<div class=\"elementor-element elementor-element-28989a6 e-flex e-con-boxed e-con e-parent\" data-id=\"28989a6\" data-element_type=\"container\" data-e-type=\"container\">\n\t\t\t\t\t<div class=\"e-con-inner\">\n\t\t\t\t<div class=\"elementor-element elementor-element-381ba53 elementor-widget elementor-widget-heading\" data-id=\"381ba53\" data-element_type=\"widget\" data-e-type=\"widget\" data-widget_type=\"heading.default\">\n\t\t\t\t\t<h2 class=\"elementor-heading-title elementor-size-default\">Services<\/h2>\t\t\t\t<\/div>\n\t\t\t\t<div class=\"elementor-element elementor-element-13165e0 elementor-widget elementor-widget-text-editor\" data-id=\"13165e0\" data-element_type=\"widget\" data-e-type=\"widget\" data-widget_type=\"text-editor.default\">\n\t\t\t\t\t\t\t\t\t<strong>Servicios profesionales de peluquer\u00eda y cuidado capilar<\/strong>\t\t\t\t\t\t\t\t<\/div>\n\t\t\t\t\t<\/div>\n\t\t\t\t<\/div>\n\t\t<div class=\"elementor-element elementor-element-7e1c81d e-flex e-con-boxed e-con e-parent\" data-id=\"7e1c81d\" data-element_type=\"container\" data-e-type=\"container\">\n\t\t\t\t\t<div class=\"e-con-inner\">\n\t\t<div class=\"elementor-element elementor-element-a9a1d4e e-con-full e-flex e-con e-child\" data-id=\"a9a1d4e\" data-element_type=\"container\" data-e-type=\"container\">\n\t\t\t\t<div class=\"elementor-element elementor-element-9a4a669 elementor-widget elementor-widget-image\" data-id=\"9a4a669\" data-element_type=\"widget\" data-e-type=\"widget\" data-widget_type=\"image.default\">\n\t\t\t\t\t\t\t\t\t\t\t\t\t\t\t<img fetchpriority=\"high\" decoding=\"async\" width=\"1184\" height=\"896\" src=\"https:\/\/peluqueriavirgo.com\/wp-content\/uploads\/2025\/12\/professional_hair_salon_scene_close-up_of_stylist_applying_shampoo_during_hair_wash_modern_and_clea_dd7d2du0imlwegrety8x_3.png\" class=\"attachment-full size-full wp-image-151\" alt=\"\" srcset=\"https:\/\/peluqueriavirgo.com\/wp-content\/uploads\/2025\/12\/professional_hair_salon_scene_close-up_of_stylist_applying_shampoo_during_hair_wash_modern_and_clea_dd7d2du0imlwegrety8x_3.png 1184w, https:\/\/peluqueriavirgo.com\/wp-content\/uploads\/2025\/12\/professional_hair_salon_scene_close-up_of_stylist_applying_shampoo_during_hair_wash_modern_and_clea_dd7d2du0imlwegrety8x_3-300x227.png 300w, https:\/\/peluqueriavirgo.com\/wp-content\/uploads\/2025\/12\/professional_hair_salon_scene_close-up_of_stylist_applying_shampoo_during_hair_wash_modern_and_clea_dd7d2du0imlwegrety8x_3-1024x775.png 1024w, https:\/\/peluqueriavirgo.com\/wp-content\/uploads\/2025\/12\/professional_hair_salon_scene_close-up_of_stylist_applying_shampoo_during_hair_wash_modern_and_clea_dd7d2du0imlwegrety8x_3-768x581.png 768w, https:\/\/peluqueriavirgo.com\/wp-content\/uploads\/2025\/12\/professional_hair_salon_scene_close-up_of_stylist_applying_shampoo_during_hair_wash_modern_and_clea_dd7d2du0imlwegrety8x_3-16x12.png 16w\" sizes=\"(max-width: 1184px) 100vw, 1184px\" \/>\t\t\t\t\t\t\t\t\t\t\t\t\t\t\t<\/div>\n\t\t\t\t<div class=\"elementor-element elementor-element-954a774 elementor-widget elementor-widget-heading\" data-id=\"954a774\" data-element_type=\"widget\" data-e-type=\"widget\" data-widget_type=\"heading.default\">\n\t\t\t\t\t<h2 class=\"elementor-heading-title elementor-size-default\">\ud83e\uddf4 Champ\u00fas profesionales<\/h2>\t\t\t\t<\/div>\n\t\t\t\t<div class=\"elementor-element elementor-element-63dec0d elementor-widget elementor-widget-text-editor\" data-id=\"63dec0d\" data-element_type=\"widget\" data-e-type=\"widget\" data-widget_type=\"text-editor.default\">\n\t\t\t\t\t\t\t\t\t<p data-start=\"434\" data-end=\"649\">Utilizamos champ\u00fas profesionales adaptados a cada tipo de cabello y cuero cabelludo. Limpian en profundidad sin da\u00f1ar la fibra capilar, aportando frescura, equilibrio y preparaci\u00f3n para los tratamientos posteriores.<\/p>\t\t\t\t\t\t\t\t<\/div>\n\t\t\t\t<\/div>\n\t\t<div class=\"elementor-element elementor-element-76506f0 e-con-full e-flex e-con e-child\" data-id=\"76506f0\" data-element_type=\"container\" data-e-type=\"container\">\n\t\t\t\t<div class=\"elementor-element elementor-element-8c76dd3 elementor-widget elementor-widget-image\" data-id=\"8c76dd3\" data-element_type=\"widget\" data-e-type=\"widget\" data-widget_type=\"image.default\">\n\t\t\t\t\t\t\t\t\t\t\t\t\t\t\t<img decoding=\"async\" width=\"1184\" height=\"896\" src=\"https:\/\/peluqueriavirgo.com\/wp-content\/uploads\/2025\/12\/woman_with_smooth_shiny_and_straight_hair_after_organic_smoothing_treatment_modern_hair_salon_clean_r01xldbcu1x1xieqyin3_3.png\" class=\"attachment-full size-full wp-image-152\" alt=\"\" srcset=\"https:\/\/peluqueriavirgo.com\/wp-content\/uploads\/2025\/12\/woman_with_smooth_shiny_and_straight_hair_after_organic_smoothing_treatment_modern_hair_salon_clean_r01xldbcu1x1xieqyin3_3.png 1184w, https:\/\/peluqueriavirgo.com\/wp-content\/uploads\/2025\/12\/woman_with_smooth_shiny_and_straight_hair_after_organic_smoothing_treatment_modern_hair_salon_clean_r01xldbcu1x1xieqyin3_3-300x227.png 300w, https:\/\/peluqueriavirgo.com\/wp-content\/uploads\/2025\/12\/woman_with_smooth_shiny_and_straight_hair_after_organic_smoothing_treatment_modern_hair_salon_clean_r01xldbcu1x1xieqyin3_3-1024x775.png 1024w, https:\/\/peluqueriavirgo.com\/wp-content\/uploads\/2025\/12\/woman_with_smooth_shiny_and_straight_hair_after_organic_smoothing_treatment_modern_hair_salon_clean_r01xldbcu1x1xieqyin3_3-768x581.png 768w, https:\/\/peluqueriavirgo.com\/wp-content\/uploads\/2025\/12\/woman_with_smooth_shiny_and_straight_hair_after_organic_smoothing_treatment_modern_hair_salon_clean_r01xldbcu1x1xieqyin3_3-16x12.png 16w\" sizes=\"(max-width: 1184px) 100vw, 1184px\" \/>\t\t\t\t\t\t\t\t\t\t\t\t\t\t\t<\/div>\n\t\t\t\t<div class=\"elementor-element elementor-element-131a0fd elementor-widget elementor-widget-heading\" data-id=\"131a0fd\" data-element_type=\"widget\" data-e-type=\"widget\" data-widget_type=\"heading.default\">\n\t\t\t\t\t<h2 class=\"elementor-heading-title elementor-size-default\">\ud83c\udf3f Tratamientos de alisado org\u00e1nico<\/h2>\t\t\t\t<\/div>\n\t\t\t\t<div class=\"elementor-element elementor-element-db5cb08 elementor-widget elementor-widget-text-editor\" data-id=\"db5cb08\" data-element_type=\"widget\" data-e-type=\"widget\" data-widget_type=\"text-editor.default\">\n\t\t\t\t\t\t\t\t\t<p data-start=\"700\" data-end=\"880\">Tratamientos de alisado org\u00e1nico que reducen el encrespamiento y aportan suavidad, brillo y manejabilidad al cabello, respetando su estructura natural y sin ingredientes agresivos.<\/p>\t\t\t\t\t\t\t\t<\/div>\n\t\t\t\t<\/div>\n\t\t<div class=\"elementor-element elementor-element-16f6f3b e-con-full e-flex e-con e-child\" data-id=\"16f6f3b\" data-element_type=\"container\" data-e-type=\"container\">\n\t\t\t\t<div class=\"elementor-element elementor-element-259207d elementor-widget elementor-widget-image\" data-id=\"259207d\" data-element_type=\"widget\" data-e-type=\"widget\" data-widget_type=\"image.default\">\n\t\t\t\t\t\t\t\t\t\t\t\t\t\t\t<img decoding=\"async\" width=\"800\" height=\"605\" src=\"https:\/\/peluqueriavirgo.com\/wp-content\/uploads\/2025\/12\/close-up_of_scalp_care_treatment_in_professional_hair_salon_stylist_applying_anti-hair_loss_treatme_4c7ap05j9vz8c4hml761_3-1024x775.png\" class=\"attachment-large size-large wp-image-153\" alt=\"\" srcset=\"https:\/\/peluqueriavirgo.com\/wp-content\/uploads\/2025\/12\/close-up_of_scalp_care_treatment_in_professional_hair_salon_stylist_applying_anti-hair_loss_treatme_4c7ap05j9vz8c4hml761_3-1024x775.png 1024w, https:\/\/peluqueriavirgo.com\/wp-content\/uploads\/2025\/12\/close-up_of_scalp_care_treatment_in_professional_hair_salon_stylist_applying_anti-hair_loss_treatme_4c7ap05j9vz8c4hml761_3-300x227.png 300w, https:\/\/peluqueriavirgo.com\/wp-content\/uploads\/2025\/12\/close-up_of_scalp_care_treatment_in_professional_hair_salon_stylist_applying_anti-hair_loss_treatme_4c7ap05j9vz8c4hml761_3-768x581.png 768w, https:\/\/peluqueriavirgo.com\/wp-content\/uploads\/2025\/12\/close-up_of_scalp_care_treatment_in_professional_hair_salon_stylist_applying_anti-hair_loss_treatme_4c7ap05j9vz8c4hml761_3-16x12.png 16w, https:\/\/peluqueriavirgo.com\/wp-content\/uploads\/2025\/12\/close-up_of_scalp_care_treatment_in_professional_hair_salon_stylist_applying_anti-hair_loss_treatme_4c7ap05j9vz8c4hml761_3.png 1184w\" sizes=\"(max-width: 800px) 100vw, 800px\" \/>\t\t\t\t\t\t\t\t\t\t\t\t\t\t\t<\/div>\n\t\t\t\t<div class=\"elementor-element elementor-element-06a3126 elementor-widget elementor-widget-heading\" data-id=\"06a3126\" data-element_type=\"widget\" data-e-type=\"widget\" data-widget_type=\"heading.default\">\n\t\t\t\t\t<h2 class=\"elementor-heading-title elementor-size-default\">\ud83d\udc86\u200d\u2640\ufe0f Tratamientos antica\u00edda<\/h2>\t\t\t\t<\/div>\n\t\t\t\t<div class=\"elementor-element elementor-element-8a67f35 elementor-widget elementor-widget-text-editor\" data-id=\"8a67f35\" data-element_type=\"widget\" data-e-type=\"widget\" data-widget_type=\"text-editor.default\">\n\t\t\t\t\t\t\t\t\t<p data-start=\"924\" data-end=\"1100\">Tratamientos espec\u00edficos dise\u00f1ados para fortalecer el cabello desde la ra\u00edz, estimular el cuero cabelludo y ayudar a frenar la ca\u00edda, mejorando la densidad y vitalidad capilar.<\/p>\t\t\t\t\t\t\t\t<\/div>\n\t\t\t\t<\/div>\n\t\t\t\t\t<\/div>\n\t\t\t\t<\/div>\n\t\t<div class=\"elementor-element elementor-element-13332f7 e-flex e-con-boxed e-con e-parent\" data-id=\"13332f7\" data-element_type=\"container\" data-e-type=\"container\">\n\t\t\t\t\t<div class=\"e-con-inner\">\n\t\t<div class=\"elementor-element elementor-element-e5d46ba e-con-full e-flex e-con e-child\" data-id=\"e5d46ba\" data-element_type=\"container\" data-e-type=\"container\">\n\t\t\t\t<div class=\"elementor-element elementor-element-8ab5faf elementor-widget elementor-widget-image\" data-id=\"8ab5faf\" data-element_type=\"widget\" data-e-type=\"widget\" data-widget_type=\"image.default\">\n\t\t\t\t\t\t\t\t\t\t\t\t\t\t\t<img loading=\"lazy\" decoding=\"async\" width=\"800\" height=\"605\" src=\"https:\/\/peluqueriavirgo.com\/wp-content\/uploads\/2025\/12\/woman_receiving_a_deep_hair_hydration_and_nutrition_treatment_in_a_professional_hair_salon_focus_on_c5bus9rqc132mt765bfr_2-1024x775.png\" class=\"attachment-large size-large wp-image-154\" alt=\"\" srcset=\"https:\/\/peluqueriavirgo.com\/wp-content\/uploads\/2025\/12\/woman_receiving_a_deep_hair_hydration_and_nutrition_treatment_in_a_professional_hair_salon_focus_on_c5bus9rqc132mt765bfr_2-1024x775.png 1024w, https:\/\/peluqueriavirgo.com\/wp-content\/uploads\/2025\/12\/woman_receiving_a_deep_hair_hydration_and_nutrition_treatment_in_a_professional_hair_salon_focus_on_c5bus9rqc132mt765bfr_2-300x227.png 300w, https:\/\/peluqueriavirgo.com\/wp-content\/uploads\/2025\/12\/woman_receiving_a_deep_hair_hydration_and_nutrition_treatment_in_a_professional_hair_salon_focus_on_c5bus9rqc132mt765bfr_2-768x581.png 768w, https:\/\/peluqueriavirgo.com\/wp-content\/uploads\/2025\/12\/woman_receiving_a_deep_hair_hydration_and_nutrition_treatment_in_a_professional_hair_salon_focus_on_c5bus9rqc132mt765bfr_2-16x12.png 16w, https:\/\/peluqueriavirgo.com\/wp-content\/uploads\/2025\/12\/woman_receiving_a_deep_hair_hydration_and_nutrition_treatment_in_a_professional_hair_salon_focus_on_c5bus9rqc132mt765bfr_2.png 1184w\" sizes=\"(max-width: 800px) 100vw, 800px\" \/>\t\t\t\t\t\t\t\t\t\t\t\t\t\t\t<\/div>\n\t\t\t\t<div class=\"elementor-element elementor-element-a9d1c38 elementor-widget elementor-widget-heading\" data-id=\"a9d1c38\" data-element_type=\"widget\" data-e-type=\"widget\" data-widget_type=\"heading.default\">\n\t\t\t\t\t<h2 class=\"elementor-heading-title elementor-size-default\">\ud83d\udca7 Hidrataci\u00f3n y nutrici\u00f3n<\/h2>\t\t\t\t<\/div>\n\t\t\t\t<div class=\"elementor-element elementor-element-cc4c4bd elementor-widget elementor-widget-text-editor\" data-id=\"cc4c4bd\" data-element_type=\"widget\" data-e-type=\"widget\" data-widget_type=\"text-editor.default\">\n\t\t\t\t\t\t\t\t\t<p data-start=\"1142\" data-end=\"1311\">Tratamientos intensivos de hidrataci\u00f3n y nutrici\u00f3n que devuelven al cabello su suavidad, elasticidad y brillo natural, ideales para cabellos secos, da\u00f1ados o castigados.<\/p>\t\t\t\t\t\t\t\t<\/div>\n\t\t\t\t<\/div>\n\t\t<div class=\"elementor-element elementor-element-6f7a1e1 e-con-full e-flex e-con e-child\" data-id=\"6f7a1e1\" data-element_type=\"container\" data-e-type=\"container\">\n\t\t\t\t<div class=\"elementor-element elementor-element-cbcc92d elementor-widget elementor-widget-image\" data-id=\"cbcc92d\" data-element_type=\"widget\" data-e-type=\"widget\" data-widget_type=\"image.default\">\n\t\t\t\t\t\t\t\t\t\t\t\t\t\t\t<img loading=\"lazy\" decoding=\"async\" width=\"800\" height=\"605\" src=\"https:\/\/peluqueriavirgo.com\/wp-content\/uploads\/2025\/12\/How_To_Use_Hair_Mask_2048x2048-e1766489256209-1024x775.webp\" class=\"attachment-large size-large wp-image-155\" alt=\"\" srcset=\"https:\/\/peluqueriavirgo.com\/wp-content\/uploads\/2025\/12\/How_To_Use_Hair_Mask_2048x2048-e1766489256209-1024x775.webp 1024w, https:\/\/peluqueriavirgo.com\/wp-content\/uploads\/2025\/12\/How_To_Use_Hair_Mask_2048x2048-e1766489256209-300x227.webp 300w, https:\/\/peluqueriavirgo.com\/wp-content\/uploads\/2025\/12\/How_To_Use_Hair_Mask_2048x2048-e1766489256209-768x581.webp 768w, https:\/\/peluqueriavirgo.com\/wp-content\/uploads\/2025\/12\/How_To_Use_Hair_Mask_2048x2048-e1766489256209-16x12.webp 16w, https:\/\/peluqueriavirgo.com\/wp-content\/uploads\/2025\/12\/How_To_Use_Hair_Mask_2048x2048-e1766489256209.webp 1184w\" sizes=\"(max-width: 800px) 100vw, 800px\" \/>\t\t\t\t\t\t\t\t\t\t\t\t\t\t\t<\/div>\n\t\t\t\t<div class=\"elementor-element elementor-element-7b7bd5b elementor-widget elementor-widget-heading\" data-id=\"7b7bd5b\" data-element_type=\"widget\" data-e-type=\"widget\" data-widget_type=\"heading.default\">\n\t\t\t\t\t<h2 class=\"elementor-heading-title elementor-size-default\">\ud83e\uddd6\u200d\u2640\ufe0f Mascarillas capilares<\/h2>\t\t\t\t<\/div>\n\t\t\t\t<div class=\"elementor-element elementor-element-dd5ff2d elementor-widget elementor-widget-text-editor\" data-id=\"dd5ff2d\" data-element_type=\"widget\" data-e-type=\"widget\" data-widget_type=\"text-editor.default\">\n\t\t\t\t\t\t\t\t\t<p data-start=\"1354\" data-end=\"1518\">Mascarillas profesionales formuladas para reparar, proteger y revitalizar el cabello, aportando fuerza, suavidad y un aspecto saludable desde la primera aplicaci\u00f3n.<\/p>\t\t\t\t\t\t\t\t<\/div>\n\t\t\t\t<\/div>\n\t\t\t\t\t<\/div>\n\t\t\t\t<\/div>\n\t\t\t\t<\/div>","protected":false},"excerpt":{"rendered":"<p>Servicios Servicios profesionales de peluquer\u00eda y cuidado capilar \ud83e\uddf4 Champ\u00fas profesionales Utilizamos champ\u00fas profesionales adaptados a cada tipo de cabello y cuero cabelludo. Limpian en profundidad sin da\u00f1ar la fibra capilar, aportando frescura, equilibrio y preparaci\u00f3n para los tratamientos posteriores. \ud83c\udf3f Tratamientos de alisado org\u00e1nico Tratamientos de alisado org\u00e1nico que reducen el encrespamiento y aportan [&hellip;]<\/p>\n","protected":false},"author":1,"featured_media":0,"parent":0,"menu_order":0,"comment_status":"closed","ping_status":"closed","template":"","meta":{"footnotes":""},"class_list":["post-18","page","type-page","status-publish","hentry"],"yoast_head":"<!-- This site is optimized with the Yoast SEO plugin v27.4 - https:\/\/yoast.com\/product\/yoast-seo-wordpress\/ -->\n<title>Servicios - PELUQUERIA VIRGO<\/title>\n<meta name=\"robots\" content=\"index, follow, max-snippet:-1, max-image-preview:large, max-video-preview:-1\" \/>\n<link rel=\"canonical\" href=\"https:\/\/peluqueriavirgo.com\/en\/servicios\/\" \/>\n<meta property=\"og:locale\" content=\"en_GB\" \/>\n<meta property=\"og:type\" content=\"article\" \/>\n<meta property=\"og:title\" content=\"Servicios - PELUQUERIA VIRGO\" \/>\n<meta property=\"og:description\" content=\"Servicios Servicios profesionales de peluquer\u00eda y cuidado capilar \ud83e\uddf4 Champ\u00fas profesionales Utilizamos champ\u00fas profesionales adaptados a cada tipo de cabello y cuero cabelludo. Limpian en profundidad sin da\u00f1ar la fibra capilar, aportando frescura, equilibrio y preparaci\u00f3n para los tratamientos posteriores. \ud83c\udf3f Tratamientos de alisado org\u00e1nico Tratamientos de alisado org\u00e1nico que reducen el encrespamiento y aportan [&hellip;]\" \/>\n<meta property=\"og:url\" content=\"https:\/\/peluqueriavirgo.com\/en\/servicios\/\" \/>\n<meta property=\"og:site_name\" content=\"PELUQUERIA VIRGO\" \/>\n<meta property=\"article:modified_time\" content=\"2025-12-23T11:27:55+00:00\" \/>\n<meta property=\"og:image\" content=\"https:\/\/peluqueriavirgo.com\/wp-content\/uploads\/2025\/12\/professional_hair_salon_scene_close-up_of_stylist_applying_shampoo_during_hair_wash_modern_and_clea_dd7d2du0imlwegrety8x_3.png\" \/>\n<meta name=\"twitter:card\" content=\"summary_large_image\" \/>\n<meta name=\"twitter:label1\" content=\"Estimated reading time\" \/>\n\t<meta name=\"twitter:data1\" content=\"1 minute\" \/>\n<script type=\"application\/ld+json\" class=\"yoast-schema-graph\">{\"@context\":\"https:\\\/\\\/schema.org\",\"@graph\":[{\"@type\":\"WebPage\",\"@id\":\"https:\\\/\\\/peluqueriavirgo.com\\\/servicios\\\/\",\"url\":\"https:\\\/\\\/peluqueriavirgo.com\\\/servicios\\\/\",\"name\":\"Servicios - PELUQUERIA VIRGO\",\"isPartOf\":{\"@id\":\"https:\\\/\\\/peluqueriavirgo.com\\\/#website\"},\"primaryImageOfPage\":{\"@id\":\"https:\\\/\\\/peluqueriavirgo.com\\\/servicios\\\/#primaryimage\"},\"image\":{\"@id\":\"https:\\\/\\\/peluqueriavirgo.com\\\/servicios\\\/#primaryimage\"},\"thumbnailUrl\":\"https:\\\/\\\/peluqueriavirgo.com\\\/wp-content\\\/uploads\\\/2025\\\/12\\\/professional_hair_salon_scene_close-up_of_stylist_applying_shampoo_during_hair_wash_modern_and_clea_dd7d2du0imlwegrety8x_3.png\",\"datePublished\":\"2025-12-23T09:47:20+00:00\",\"dateModified\":\"2025-12-23T11:27:55+00:00\",\"breadcrumb\":{\"@id\":\"https:\\\/\\\/peluqueriavirgo.com\\\/servicios\\\/#breadcrumb\"},\"inLanguage\":\"en-GB\",\"potentialAction\":[{\"@type\":\"ReadAction\",\"target\":[\"https:\\\/\\\/peluqueriavirgo.com\\\/servicios\\\/\"]}]},{\"@type\":\"ImageObject\",\"inLanguage\":\"en-GB\",\"@id\":\"https:\\\/\\\/peluqueriavirgo.com\\\/servicios\\\/#primaryimage\",\"url\":\"https:\\\/\\\/peluqueriavirgo.com\\\/wp-content\\\/uploads\\\/2025\\\/12\\\/professional_hair_salon_scene_close-up_of_stylist_applying_shampoo_during_hair_wash_modern_and_clea_dd7d2du0imlwegrety8x_3.png\",\"contentUrl\":\"https:\\\/\\\/peluqueriavirgo.com\\\/wp-content\\\/uploads\\\/2025\\\/12\\\/professional_hair_salon_scene_close-up_of_stylist_applying_shampoo_during_hair_wash_modern_and_clea_dd7d2du0imlwegrety8x_3.png\"},{\"@type\":\"BreadcrumbList\",\"@id\":\"https:\\\/\\\/peluqueriavirgo.com\\\/servicios\\\/#breadcrumb\",\"itemListElement\":[{\"@type\":\"ListItem\",\"position\":1,\"name\":\"Portada\",\"item\":\"https:\\\/\\\/peluqueriavirgo.com\\\/\"},{\"@type\":\"ListItem\",\"position\":2,\"name\":\"Servicios\"}]},{\"@type\":\"WebSite\",\"@id\":\"https:\\\/\\\/peluqueriavirgo.com\\\/#website\",\"url\":\"https:\\\/\\\/peluqueriavirgo.com\\\/\",\"name\":\"PELUQUERIA VIRGO\",\"description\":\"\",\"publisher\":{\"@id\":\"https:\\\/\\\/peluqueriavirgo.com\\\/#organization\"},\"potentialAction\":[{\"@type\":\"SearchAction\",\"target\":{\"@type\":\"EntryPoint\",\"urlTemplate\":\"https:\\\/\\\/peluqueriavirgo.com\\\/?s={search_term_string}\"},\"query-input\":{\"@type\":\"PropertyValueSpecification\",\"valueRequired\":true,\"valueName\":\"search_term_string\"}}],\"inLanguage\":\"en-GB\"},{\"@type\":\"Organization\",\"@id\":\"https:\\\/\\\/peluqueriavirgo.com\\\/#organization\",\"name\":\"PELUQUERIA VIRGO\",\"url\":\"https:\\\/\\\/peluqueriavirgo.com\\\/\",\"logo\":{\"@type\":\"ImageObject\",\"inLanguage\":\"en-GB\",\"@id\":\"https:\\\/\\\/peluqueriavirgo.com\\\/#\\\/schema\\\/logo\\\/image\\\/\",\"url\":\"https:\\\/\\\/peluqueriavirgo.com\\\/wp-content\\\/uploads\\\/2025\\\/12\\\/cropped-Logo-01.png\",\"contentUrl\":\"https:\\\/\\\/peluqueriavirgo.com\\\/wp-content\\\/uploads\\\/2025\\\/12\\\/cropped-Logo-01.png\",\"width\":842,\"height\":398,\"caption\":\"PELUQUERIA VIRGO\"},\"image\":{\"@id\":\"https:\\\/\\\/peluqueriavirgo.com\\\/#\\\/schema\\\/logo\\\/image\\\/\"}}]}<\/script>\n<!-- \/ Yoast SEO plugin. -->","yoast_head_json":{"title":"Servicios - PELUQUERIA VIRGO","robots":{"index":"index","follow":"follow","max-snippet":"max-snippet:-1","max-image-preview":"max-image-preview:large","max-video-preview":"max-video-preview:-1"},"canonical":"https:\/\/peluqueriavirgo.com\/en\/servicios\/","og_locale":"en_GB","og_type":"article","og_title":"Servicios - PELUQUERIA VIRGO","og_description":"Servicios Servicios profesionales de peluquer\u00eda y cuidado capilar \ud83e\uddf4 Champ\u00fas profesionales Utilizamos champ\u00fas profesionales adaptados a cada tipo de cabello y cuero cabelludo. Limpian en profundidad sin da\u00f1ar la fibra capilar, aportando frescura, equilibrio y preparaci\u00f3n para los tratamientos posteriores. \ud83c\udf3f Tratamientos de alisado org\u00e1nico Tratamientos de alisado org\u00e1nico que reducen el encrespamiento y aportan [&hellip;]","og_url":"https:\/\/peluqueriavirgo.com\/en\/servicios\/","og_site_name":"PELUQUERIA VIRGO","article_modified_time":"2025-12-23T11:27:55+00:00","og_image":[{"url":"https:\/\/peluqueriavirgo.com\/wp-content\/uploads\/2025\/12\/professional_hair_salon_scene_close-up_of_stylist_applying_shampoo_during_hair_wash_modern_and_clea_dd7d2du0imlwegrety8x_3.png","type":"","width":"","height":""}],"twitter_card":"summary_large_image","twitter_misc":{"Estimated reading time":"1 minute"},"schema":{"@context":"https:\/\/schema.org","@graph":[{"@type":"WebPage","@id":"https:\/\/peluqueriavirgo.com\/servicios\/","url":"https:\/\/peluqueriavirgo.com\/servicios\/","name":"Servicios - PELUQUERIA VIRGO","isPartOf":{"@id":"https:\/\/peluqueriavirgo.com\/#website"},"primaryImageOfPage":{"@id":"https:\/\/peluqueriavirgo.com\/servicios\/#primaryimage"},"image":{"@id":"https:\/\/peluqueriavirgo.com\/servicios\/#primaryimage"},"thumbnailUrl":"https:\/\/peluqueriavirgo.com\/wp-content\/uploads\/2025\/12\/professional_hair_salon_scene_close-up_of_stylist_applying_shampoo_during_hair_wash_modern_and_clea_dd7d2du0imlwegrety8x_3.png","datePublished":"2025-12-23T09:47:20+00:00","dateModified":"2025-12-23T11:27:55+00:00","breadcrumb":{"@id":"https:\/\/peluqueriavirgo.com\/servicios\/#breadcrumb"},"inLanguage":"en-GB","potentialAction":[{"@type":"ReadAction","target":["https:\/\/peluqueriavirgo.com\/servicios\/"]}]},{"@type":"ImageObject","inLanguage":"en-GB","@id":"https:\/\/peluqueriavirgo.com\/servicios\/#primaryimage","url":"https:\/\/peluqueriavirgo.com\/wp-content\/uploads\/2025\/12\/professional_hair_salon_scene_close-up_of_stylist_applying_shampoo_during_hair_wash_modern_and_clea_dd7d2du0imlwegrety8x_3.png","contentUrl":"https:\/\/peluqueriavirgo.com\/wp-content\/uploads\/2025\/12\/professional_hair_salon_scene_close-up_of_stylist_applying_shampoo_during_hair_wash_modern_and_clea_dd7d2du0imlwegrety8x_3.png"},{"@type":"BreadcrumbList","@id":"https:\/\/peluqueriavirgo.com\/servicios\/#breadcrumb","itemListElement":[{"@type":"ListItem","position":1,"name":"Portada","item":"https:\/\/peluqueriavirgo.com\/"},{"@type":"ListItem","position":2,"name":"Servicios"}]},{"@type":"WebSite","@id":"https:\/\/peluqueriavirgo.com\/#website","url":"https:\/\/peluqueriavirgo.com\/","name":"PELUQUERIA VIRGO","description":"","publisher":{"@id":"https:\/\/peluqueriavirgo.com\/#organization"},"potentialAction":[{"@type":"SearchAction","target":{"@type":"EntryPoint","urlTemplate":"https:\/\/peluqueriavirgo.com\/?s={search_term_string}"},"query-input":{"@type":"PropertyValueSpecification","valueRequired":true,"valueName":"search_term_string"}}],"inLanguage":"en-GB"},{"@type":"Organization","@id":"https:\/\/peluqueriavirgo.com\/#organization","name":"PELUQUERIA VIRGO","url":"https:\/\/peluqueriavirgo.com\/","logo":{"@type":"ImageObject","inLanguage":"en-GB","@id":"https:\/\/peluqueriavirgo.com\/#\/schema\/logo\/image\/","url":"https:\/\/peluqueriavirgo.com\/wp-content\/uploads\/2025\/12\/cropped-Logo-01.png","contentUrl":"https:\/\/peluqueriavirgo.com\/wp-content\/uploads\/2025\/12\/cropped-Logo-01.png","width":842,"height":398,"caption":"PELUQUERIA VIRGO"},"image":{"@id":"https:\/\/peluqueriavirgo.com\/#\/schema\/logo\/image\/"}}]}},"_links":{"self":[{"href":"https:\/\/peluqueriavirgo.com\/en\/wp-json\/wp\/v2\/pages\/18","targetHints":{"allow":["GET"]}}],"collection":[{"href":"https:\/\/peluqueriavirgo.com\/en\/wp-json\/wp\/v2\/pages"}],"about":[{"href":"https:\/\/peluqueriavirgo.com\/en\/wp-json\/wp\/v2\/types\/page"}],"author":[{"embeddable":true,"href":"https:\/\/peluqueriavirgo.com\/en\/wp-json\/wp\/v2\/users\/1"}],"replies":[{"embeddable":true,"href":"https:\/\/peluqueriavirgo.com\/en\/wp-json\/wp\/v2\/comments?post=18"}],"version-history":[{"count":4,"href":"https:\/\/peluqueriavirgo.com\/en\/wp-json\/wp\/v2\/pages\/18\/revisions"}],"predecessor-version":[{"id":158,"href":"https:\/\/peluqueriavirgo.com\/en\/wp-json\/wp\/v2\/pages\/18\/revisions\/158"}],"wp:attachment":[{"href":"https:\/\/peluqueriavirgo.com\/en\/wp-json\/wp\/v2\/media?parent=18"}],"curies":[{"name":"wp","href":"https:\/\/api.w.org\/{rel}","templated":true}]}}